{"id":488,"date":"2019-12-27T11:54:43","date_gmt":"2019-12-27T11:54:43","guid":{"rendered":"https:\/\/minaristic.com\/?page_id=488"},"modified":"2019-12-27T14:27:40","modified_gmt":"2019-12-27T14:27:40","slug":"biography","status":"publish","type":"page","link":"https:\/\/minaristic.com\/en\/biography\/","title":{"rendered":"Biography"},"content":{"rendered":"<p><div class=\"fusion-fullwidth fullwidth-box fusion-builder-row-1 nonhundred-percent-fullwidth non-hundred-percent-height-scrolling fusion-no-small-visibility\" style=\"background-color: rgba(255,255,255,0);background-position: center center;background-repeat: no-repeat;padding-top:0px;padding-right:0px;padding-bottom:0px;padding-left:0px;margin-bottom: 40px;margin-top: 0px;border-width: 0px 0px 0px 0px;border-color:#eae9e9;border-style:solid;\" ><div class=\"fusion-builder-row fusion-row\"><div class=\"fusion-layout-column fusion_builder_column fusion-builder-column-0 fusion_builder_column_1_2 1_2 fusion-one-half fusion-column-first slika-margina fusion-animated\" style=\"width:50%;width:calc(50% - ( ( 4% ) * 0.5 ) );margin-right: 4%;margin-top:0px;margin-bottom:20px;\" data-animationType=\"fadeInDown\" data-animationDuration=\"0.5\" data-animationOffset=\"top-mid-of-view\"><div class=\"fusion-column-wrapper fusion-flex-column-wrapper-legacy\" style=\"background-position:left top;background-repeat:no-repeat;-webkit-background-size:cover;-moz-background-size:cover;-o-background-size:cover;background-size:cover;padding: 0px 0px 0px 10%;\"><span class=\" fusion-imageframe imageframe-none imageframe-1 hover-type-zoomin\"><img decoding=\"async\" width=\"449\" height=\"647\" title=\"MR\" src=\"https:\/\/minaristic.com\/wp-content\/uploads\/2019\/10\/MR.png\" alt class=\"img-responsive wp-image-272\" srcset=\"https:\/\/minaristic.com\/wp-content\/uploads\/2019\/10\/MR-200x288.png 200w, https:\/\/minaristic.com\/wp-content\/uploads\/2019\/10\/MR-400x576.png 400w, https:\/\/minaristic.com\/wp-content\/uploads\/2019\/10\/MR.png 449w\" sizes=\"(max-width: 800px) 100vw, 449px\" \/><\/span><div class=\"fusion-clearfix\"><\/div><\/div><\/div><div class=\"fusion-layout-column fusion_builder_column fusion-builder-column-1 fusion_builder_column_1_2 1_2 fusion-one-half fusion-column-last fusion-animated\" style=\"width:50%;width:calc(50% - ( ( 4% ) * 0.5 ) );margin-top:0px;margin-bottom:20px;\" data-animationType=\"fadeInDown\" data-animationDuration=\"1.0\" data-animationOffset=\"top-into-view\"><div class=\"fusion-column-wrapper fusion-flex-column-wrapper-legacy\" style=\"background-position:left top;background-repeat:no-repeat;-webkit-background-size:cover;-moz-background-size:cover;-o-background-size:cover;background-size:cover;padding: 40px 0px 0px 0px;\"><style type=\"text\/css\"><\/style><div class=\"fusion-title title fusion-title-1 fusion-sep-none fusion-title-text fusion-title-size-one\" style=\"font-size:36px;margin-top:0px;margin-right:0px;margin-bottom:31px;margin-left:0px;\"><h1 class=\"title-heading-left\" style=\"margin:0;font-size:1em;color:#363636;\">\/ biography<\/h1><\/div><div class=\"fusion-text fusion-text-1\"><p>Mina Risti\u0107 (b. 1991, Belgrade) completed her undergraduate and Master studies at the Faculty of Music (FMU) in Belgrade, under Prof. Jokut Mihailovi\u0107. She completed specialist studies in chamber music under Prof. Jasna Tucovi\u0107 (FMU), and is presently in the final year of doctoral studies in chamber music, also under Prof. Tucovi\u0107.<\/p>\n<p>She has won numerous awards at national and international competitions, both as a soloist and in chamber ensembles, the most prominent one being laureate of the Republic Competition, the Davorin Jenko International Competition, and Stringfestival. She has performed Francis Poulenc\u2019s Concerto for Two Pianos and Orchestra as a soloist, with the FMU Symphonic Orchestra, at the Kolarac Endowment (2015), and the Fikret Amirov\u2019s Concerto on an Arabian Theme for Piano and Orchestra, with the Symphonic Orchestra of the National Theatre in Belgrade, conducted by Ayyub Guliyev (2018). She appears regularly at significant events hosted by the Embassy of Azerbaijan in Serbia, performing and promoting pieces by Azerbaijani authors. She had a concert as part of the BELEF Festival (2018) titled <em>An Evening of German Composers<\/em>, with violinist Isidora Drami\u0107anin.<\/p>\n<p>Since 2017 she has been regularly collaborating and performing around the country with opera singers from the National Theatre in Belgrade. During her studies she received a scholarship from the Serbian Ministry of Youth and Sports\u2019 Fund for Young Talents, she held a City of Belgrade scholarship for talented students, as well as the Republic Foundation for the Development of Scientific and Artistic Youths scholarship. She works at the Davorin Jenko Music School, as a piano associate with the strings department and as a piano and chamber music teacher.<\/p>\n<\/div><div class=\"fusion-builder-row fusion-builder-row-inner fusion-row\"><div class=\"fusion-layout-column fusion_builder_column_inner fusion-builder-nested-column-0 fusion_builder_column_inner_1_2 1_2 fusion-one-half fusion-column-first\" style=\"width:50%;width:calc(50% - ( ( -40% ) * 0.5 ) );margin-right: -40%;margin-top:0px;margin-bottom:20px;\"><div class=\"fusion-column-wrapper fusion-flex-column-wrapper-legacy\" style=\"background-position:left top;background-repeat:no-repeat;-webkit-background-size:cover;-moz-background-size:cover;-o-background-size:cover;background-size:cover;padding: 0px 0px 0px 0px;\"><div class=\"fusion-alignleft\"><style>.fusion-body .fusion-button.button-1{border-radius:2px 2px 2px 2px;}<\/style><a class=\"fusion-button button-flat fusion-button-default-size button-default button-1 fusion-button-default-span fusion-button-default-type button-home\" target=\"_self\" href=\"https:\/\/minaristic.com\/contact\/\"><span class=\"fusion-button-text\">\/ contact \/<\/span><\/a><\/div><div class=\"fusion-clearfix\"><\/div><\/div><\/div><div class=\"fusion-layout-column fusion_builder_column_inner fusion-builder-nested-column-1 fusion_builder_column_inner_1_2 1_2 fusion-one-half fusion-column-last\" style=\"width:50%;width:calc(50% - ( ( -40% ) * 0.5 ) );margin-top:0px;margin-bottom:20px;\"><div class=\"fusion-column-wrapper fusion-flex-column-wrapper-legacy\" style=\"background-position:left top;background-repeat:no-repeat;-webkit-background-size:cover;-moz-background-size:cover;-o-background-size:cover;background-size:cover;padding: 0px 0px 0px 0px;\"><div class=\"fusion-alignleft\"><style>.fusion-body .fusion-button.button-2{border-radius:2px 2px 2px 2px;}<\/style><a class=\"fusion-button button-flat fusion-button-default-size button-default button-2 fusion-button-default-span fusion-button-default-type button-home\" target=\"_self\" href=\"https:\/\/minaristic.com\/media-center\/\"><span class=\"fusion-button-text\">\/ media center \/<\/span><\/a><\/div><div class=\"fusion-clearfix\"><\/div><\/div><\/div><\/div><div class=\"fusion-clearfix\"><\/div><\/div><\/div><\/div><\/div><div class=\"fusion-fullwidth fullwidth-box fusion-builder-row-2 nonhundred-percent-fullwidth non-hundred-percent-height-scrolling fusion-no-medium-visibility fusion-no-large-visibility\" style=\"background-color: rgba(255,255,255,0);background-position: center center;background-repeat: no-repeat;padding-top:0px;padding-right:0px;padding-bottom:0px;padding-left:0px;margin-bottom: 0px;margin-top: 0px;border-width: 0px 0px 0px 0px;border-color:#eae9e9;border-style:solid;\" ><div class=\"fusion-builder-row fusion-row\"><div class=\"fusion-layout-column fusion_builder_column fusion-builder-column-2 fusion_builder_column_1_2 1_2 fusion-one-half fusion-column-first slika-margina fusion-animated\" style=\"width:50%;width:calc(50% - ( ( 4% ) * 0.5 ) );margin-right: 4%;margin-top:0px;margin-bottom:20px;\" data-animationType=\"fadeInDown\" data-animationDuration=\"0.5\" data-animationOffset=\"top-mid-of-view\"><div class=\"fusion-column-wrapper fusion-flex-column-wrapper-legacy\" style=\"background-position:left top;background-repeat:no-repeat;-webkit-background-size:cover;-moz-background-size:cover;-o-background-size:cover;background-size:cover;padding: 0px 0px 0px 0px;\"><span class=\" fusion-imageframe imageframe-none imageframe-2 hover-type-zoomin\"><img decoding=\"async\" width=\"449\" height=\"647\" title=\"MR\" src=\"https:\/\/minaristic.com\/wp-content\/uploads\/2019\/10\/MR.png\" alt class=\"img-responsive wp-image-272\" srcset=\"https:\/\/minaristic.com\/wp-content\/uploads\/2019\/10\/MR-200x288.png 200w, https:\/\/minaristic.com\/wp-content\/uploads\/2019\/10\/MR-400x576.png 400w, https:\/\/minaristic.com\/wp-content\/uploads\/2019\/10\/MR.png 449w\" sizes=\"(max-width: 800px) 100vw, 449px\" \/><\/span><div class=\"fusion-clearfix\"><\/div><\/div><\/div><div class=\"fusion-layout-column fusion_builder_column fusion-builder-column-3 fusion_builder_column_1_2 1_2 fusion-one-half fusion-column-last fusion-animated\" style=\"width:50%;width:calc(50% - ( ( 4% ) * 0.5 ) );margin-top:0px;margin-bottom:20px;\" data-animationType=\"fadeInDown\" data-animationDuration=\"1.0\" data-animationOffset=\"top-into-view\"><div class=\"fusion-column-wrapper fusion-flex-column-wrapper-legacy\" style=\"background-position:left top;background-repeat:no-repeat;-webkit-background-size:cover;-moz-background-size:cover;-o-background-size:cover;background-size:cover;padding: 40px 0px 0px 0px;\"><style type=\"text\/css\"><\/style><div class=\"fusion-title title fusion-title-2 fusion-sep-none fusion-title-text fusion-title-size-one\" style=\"font-size:36px;margin-top:0px;margin-right:0px;margin-bottom:31px;margin-left:0px;\"><h1 class=\"title-heading-left\" style=\"margin:0;font-size:1em;color:#363636;\">\/ biography<\/h1><\/div><div class=\"fusion-text fusion-text-2\"><p>Mina Risti\u0107 (b. 1991, Belgrade) completed her undergraduate and Master studies at the Faculty of Music (FMU) in Belgrade, under Prof. Jokut Mihailovi\u0107. She completed specialist studies in chamber music under Prof. Jasna Tucovi\u0107 (FMU), and is presently in the final year of doctoral studies in chamber music, also under Prof. Tucovi\u0107.<\/p>\n<p>She has won numerous awards at national and international competitions, both as a soloist and in chamber ensembles, the most prominent one being laureate of the Republic Competition, the Davorin Jenko International Competition, and Stringfestival. She has performed Francis Poulenc\u2019s Concerto for Two Pianos and Orchestra as a soloist, with the FMU Symphonic Orchestra, at the Kolarac Endowment (2015), and the Fikret Amirov\u2019s Concerto on an Arabian Theme for Piano and Orchestra, with the Symphonic Orchestra of the National Theatre in Belgrade, conducted by Ayyub Guliyev (2018). She appears regularly at significant events hosted by the Embassy of Azerbaijan in Serbia, performing and promoting pieces by Azerbaijani authors. She had a concert as part of the BELEF Festival (2018) titled <em>An Evening of German Composers<\/em>, with violinist Isidora Drami\u0107anin.<\/p>\n<p>Since 2017 she has been regularly collaborating and performing around the country with opera singers from the National Theatre in Belgrade. During her studies she received a scholarship from the Serbian Ministry of Youth and Sports\u2019 Fund for Young Talents, she held a City of Belgrade scholarship for talented students, as well as the Republic Foundation for the Development of Scientific and Artistic Youths scholarship. She works at the Davorin Jenko Music School, as a piano associate with the strings department and as a piano and chamber music teacher.<\/p>\n<\/div><div class=\"fusion-builder-row fusion-builder-row-inner fusion-row\"><div class=\"fusion-layout-column fusion_builder_column_inner fusion-builder-nested-column-2 fusion_builder_column_inner_1_2 1_2 fusion-one-half fusion-column-first\" style=\"width:50%;width:calc(50% - ( ( -40% ) * 0.5 ) );margin-right: -40%;margin-top:0px;margin-bottom:20px;\"><div class=\"fusion-column-wrapper fusion-flex-column-wrapper-legacy\" style=\"background-position:left top;background-repeat:no-repeat;-webkit-background-size:cover;-moz-background-size:cover;-o-background-size:cover;background-size:cover;padding: 0px 0px 0px 0px;\"><div class=\"fusion-alignleft\"><style>.fusion-body .fusion-button.button-3{border-radius:2px 2px 2px 2px;}<\/style><a class=\"fusion-button button-flat fusion-button-default-size button-default button-3 fusion-button-default-span fusion-button-default-type button-home\" target=\"_self\" href=\"https:\/\/minaristic.com\/contact\/\"><span class=\"fusion-button-text\">\/ contact \/<\/span><\/a><\/div><div class=\"fusion-clearfix\"><\/div><\/div><\/div><div class=\"fusion-layout-column fusion_builder_column_inner fusion-builder-nested-column-3 fusion_builder_column_inner_1_2 1_2 fusion-one-half fusion-column-last\" style=\"width:50%;width:calc(50% - ( ( -40% ) * 0.5 ) );margin-top:0px;margin-bottom:20px;\"><div class=\"fusion-column-wrapper fusion-flex-column-wrapper-legacy\" style=\"background-position:left top;background-repeat:no-repeat;-webkit-background-size:cover;-moz-background-size:cover;-o-background-size:cover;background-size:cover;padding: 0px 0px 0px 0px;\"><div class=\"fusion-alignleft\"><style>.fusion-body .fusion-button.button-4{border-radius:2px 2px 2px 2px;}<\/style><a class=\"fusion-button button-flat fusion-button-default-size button-default button-4 fusion-button-default-span fusion-button-default-type button-home\" target=\"_self\" href=\"https:\/\/minaristic.com\/media-center\/\"><span class=\"fusion-button-text\">\/ media center \/<\/span><\/a><\/div><div class=\"fusion-clearfix\"><\/div><\/div><\/div><\/div><div class=\"fusion-clearfix\"><\/div><\/div><\/div><\/div><\/div><\/p>\n","protected":false},"excerpt":{"rendered":"","protected":false},"author":1,"featured_media":0,"parent":0,"menu_order":0,"comment_status":"closed","ping_status":"closed","template":"100-width.php","meta":[],"yoast_head":"<!-- This site is optimized with the Yoast SEO plugin v21.0 - https:\/\/yoast.com\/wordpress\/plugins\/seo\/ -->\n<title>Biography - Mina Risti\u0107<\/title>\n<meta name=\"robots\" content=\"index, follow, max-snippet:-1, max-image-preview:large, max-video-preview:-1\" \/>\n<link rel=\"canonical\" href=\"https:\/\/minaristic.com\/en\/biography\/\" \/>\n<meta property=\"og:locale\" content=\"en_US\" \/>\n<meta property=\"og:type\" content=\"article\" \/>\n<meta property=\"og:title\" content=\"Biography - Mina Risti\u0107\" \/>\n<meta property=\"og:url\" content=\"https:\/\/minaristic.com\/en\/biography\/\" \/>\n<meta property=\"og:site_name\" content=\"Mina Risti\u0107\" \/>\n<meta property=\"article:modified_time\" content=\"2019-12-27T14:27:40+00:00\" \/>\n<meta name=\"twitter:card\" content=\"summary_large_image\" \/>\n<meta name=\"twitter:label1\" content=\"Est. reading time\" \/>\n\t<meta name=\"twitter:data1\" content=\"14 minutes\" \/>\n<script type=\"application\/ld+json\" class=\"yoast-schema-graph\">{\"@context\":\"https:\/\/schema.org\",\"@graph\":[{\"@type\":\"WebPage\",\"@id\":\"https:\/\/minaristic.com\/en\/biography\/\",\"url\":\"https:\/\/minaristic.com\/en\/biography\/\",\"name\":\"Biography - Mina Risti\u0107\",\"isPartOf\":{\"@id\":\"https:\/\/minaristic.com\/#website\"},\"datePublished\":\"2019-12-27T11:54:43+00:00\",\"dateModified\":\"2019-12-27T14:27:40+00:00\",\"breadcrumb\":{\"@id\":\"https:\/\/minaristic.com\/en\/biography\/#breadcrumb\"},\"inLanguage\":\"en-US\",\"potentialAction\":[{\"@type\":\"ReadAction\",\"target\":[\"https:\/\/minaristic.com\/en\/biography\/\"]}]},{\"@type\":\"BreadcrumbList\",\"@id\":\"https:\/\/minaristic.com\/en\/biography\/#breadcrumb\",\"itemListElement\":[{\"@type\":\"ListItem\",\"position\":1,\"name\":\"\u041f\u043e\u0447\u0435\u0442\u043d\u0430\",\"item\":\"https:\/\/minaristic.com\/en\/\"},{\"@type\":\"ListItem\",\"position\":2,\"name\":\"Biography\"}]},{\"@type\":\"WebSite\",\"@id\":\"https:\/\/minaristic.com\/#website\",\"url\":\"https:\/\/minaristic.com\/\",\"name\":\"Mina Risti\u0107\",\"description\":\"\",\"potentialAction\":[{\"@type\":\"SearchAction\",\"target\":{\"@type\":\"EntryPoint\",\"urlTemplate\":\"https:\/\/minaristic.com\/?s={search_term_string}\"},\"query-input\":\"required name=search_term_string\"}],\"inLanguage\":\"en-US\"}]}<\/script>\n<!-- \/ Yoast SEO plugin. -->","yoast_head_json":{"title":"Biography - Mina Risti\u0107","robots":{"index":"index","follow":"follow","max-snippet":"max-snippet:-1","max-image-preview":"max-image-preview:large","max-video-preview":"max-video-preview:-1"},"canonical":"https:\/\/minaristic.com\/en\/biography\/","og_locale":"en_US","og_type":"article","og_title":"Biography - Mina Risti\u0107","og_url":"https:\/\/minaristic.com\/en\/biography\/","og_site_name":"Mina Risti\u0107","article_modified_time":"2019-12-27T14:27:40+00:00","twitter_card":"summary_large_image","twitter_misc":{"Est. reading time":"14 minutes"},"schema":{"@context":"https:\/\/schema.org","@graph":[{"@type":"WebPage","@id":"https:\/\/minaristic.com\/en\/biography\/","url":"https:\/\/minaristic.com\/en\/biography\/","name":"Biography - Mina Risti\u0107","isPartOf":{"@id":"https:\/\/minaristic.com\/#website"},"datePublished":"2019-12-27T11:54:43+00:00","dateModified":"2019-12-27T14:27:40+00:00","breadcrumb":{"@id":"https:\/\/minaristic.com\/en\/biography\/#breadcrumb"},"inLanguage":"en-US","potentialAction":[{"@type":"ReadAction","target":["https:\/\/minaristic.com\/en\/biography\/"]}]},{"@type":"BreadcrumbList","@id":"https:\/\/minaristic.com\/en\/biography\/#breadcrumb","itemListElement":[{"@type":"ListItem","position":1,"name":"\u041f\u043e\u0447\u0435\u0442\u043d\u0430","item":"https:\/\/minaristic.com\/en\/"},{"@type":"ListItem","position":2,"name":"Biography"}]},{"@type":"WebSite","@id":"https:\/\/minaristic.com\/#website","url":"https:\/\/minaristic.com\/","name":"Mina Risti\u0107","description":"","potentialAction":[{"@type":"SearchAction","target":{"@type":"EntryPoint","urlTemplate":"https:\/\/minaristic.com\/?s={search_term_string}"},"query-input":"required name=search_term_string"}],"inLanguage":"en-US"}]}},"_links":{"self":[{"href":"https:\/\/minaristic.com\/en\/wp-json\/wp\/v2\/pages\/488"}],"collection":[{"href":"https:\/\/minaristic.com\/en\/wp-json\/wp\/v2\/pages"}],"about":[{"href":"https:\/\/minaristic.com\/en\/wp-json\/wp\/v2\/types\/page"}],"author":[{"embeddable":true,"href":"https:\/\/minaristic.com\/en\/wp-json\/wp\/v2\/users\/1"}],"replies":[{"embeddable":true,"href":"https:\/\/minaristic.com\/en\/wp-json\/wp\/v2\/comments?post=488"}],"version-history":[{"count":0,"href":"https:\/\/minaristic.com\/en\/wp-json\/wp\/v2\/pages\/488\/revisions"}],"wp:attachment":[{"href":"https:\/\/minaristic.com\/en\/wp-json\/wp\/v2\/media?parent=488"}],"curies":[{"name":"wp","href":"https:\/\/api.w.org\/{rel}","templated":true}]}}